{"id":1410,"date":"2020-11-22T07:54:24","date_gmt":"2020-11-22T06:54:24","guid":{"rendered":"https:\/\/hoch-wasser-schutz.at\/de\/?page_id=1410"},"modified":"2025-07-25T10:19:45","modified_gmt":"2025-07-25T08:19:45","slug":"impressum","status":"publish","type":"page","link":"https:\/\/hoch-wasser-schutz.at\/de\/impressum\/","title":{"rendered":"Impressum"},"content":{"rendered":"<p><strong>HAAS-Design GmbH<\/strong><br \/>\nKornweg 33<br \/>\n9583 Faak am See<br \/>\nAustria<\/p>\n<p>Anfahrt &#8211; Standort -Route berechnen (<a href=\"https:\/\/www.google.com\/maps\/place\/HAAS-Design+Gmbh+-+Hochwasserschutz\/@46.5690106,13.9042636,17z\/data=!3m1!4b1!4m5!3m4!1s0x477a81b2b594099b:0xe775535fa152a85e!8m2!3d46.5690106!4d13.9064523\" target=\"_blank\" rel=\"noopener noreferrer\">\u00fcber Google<\/a>)<\/p>\n<p>Tel.: <a href=\"tel:+4366475031295\">+43 (0)664 75031295<\/a> <span style=\"font-size: 8pt;\">[Kosten lt. Telefonanbietervertrag des Anrufers]<\/span><\/p>\n<p>Fax: +43 (0) 4254 20593 <span style=\"font-size: 8pt;\">[Kosten lt. Telefonanbietervertrag des Anrufers]<\/span><\/p>\n<p>e-Mail: <a href=\"mailto:office@hoch-wasser-schutz.at\">office@hoch-wasser-schutz.at<\/a><\/p>\n<p>Internet: www.hoch-wasser-schutz.at &amp; www.haas-design.at<\/p>\n<p>Firmenbereiche: \u201eHandel mit Waren aller Art\u201c<\/p>\n<p>HAAS-Design GmbH &#8211; Handel mit Ethanolkaminen \u2013 Effektfeuerkaminen \u2013 Gaskaminen<br \/>\nHAAS-Design GmbH &#8211; Hoch-Wasser-Schutz Handel mit HWS-L\u00f6sungen<\/p>\n<p>UID-Nr: ATU70283347<\/p>\n<p>Firmenbuchnummer: FN447055i<br \/>\nGericht: Klagenfurt<\/p>\n<p>Mitglied der Wirtschaftskammer K\u00e4rnten<br \/>\nBerufsrecht: Gewerbeordnung www.ris.bka.gv.at<\/p>\n<p>Informationspflicht gem. e-Commerce Gesetz\u00a0 <a href=\"https:\/\/hoch-wasser-schutz.at\/de\/our-projects\/\" target=\"_blank\" rel=\"noopener noreferrer\"><img loading=\"lazy\" decoding=\"async\" class=\"alignnone wp-image-1412 size-full\" src=\"https:\/\/hoch-wasser-schutz.at\/de\/wp-content\/uploads\/2020\/11\/ecg.gif\" alt=\"\" width=\"169\" height=\"23\" \/><\/a><\/p>\n<p><strong>Bankverbindung f\u00fcr europ\u00e4ische \u00dcberweisung:<\/strong><\/p>\n<p>* Raiffeisenbank Faak am See<br \/>\n* Name: Haas-Design GmbH.<br \/>\n* IBAN: AT34 3938 3000 0012 7456<br \/>\n* BIC: RZKTAT2K383<\/p>\n<p>Support &amp; IT-L\u00f6sung\u00a0 <a href=\"https:\/\/www.pagework.at\" target=\"_blank\" rel=\"noopener\"><img loading=\"lazy\" decoding=\"async\" class=\"alignnone wp-image-1411\" src=\"https:\/\/hoch-wasser-schutz.at\/de\/wp-content\/uploads\/2020\/11\/logo-pagework-small.png\" alt=\"\" width=\"89\" height=\"29\" \/><\/a><\/p>\n<p><span style=\"font-size: 8pt;\"><strong>Wichtiger Hinweis:<\/strong><\/span><\/p>\n<p><span style=\"font-size: 8pt;\">Mit Urteil vom 12. Mai 1998 hat das Landesgericht Hamburg entschieden, dass man durch die Ausbringung eines Links die Inhalte der gelinkten Seite ggf. mit zu verantworten hat. Dies kann, so das LG, nur dadurch verhindert werden, dass man sich ausdr\u00fccklich von diesen Inhalten distanziert. Wir haben Links zu anderen Seiten gelegt. F\u00fcr alle Links gilt, dass wir keinen Einfluss auf die Gestaltung und die Inhalte dieser Seiten haben!!!<\/span><br \/>\n<span style=\"font-size: 8pt;\">Wir distanzieren uns hiermit ausdr\u00fccklich von allen Inhalten aller gelinkten Seiten auf unserer Homepage und machen uns ihre Inhalte nicht zu Eigen. Diese Erkl\u00e4rung gilt f\u00fcr alle auf unserer Homepage angebrachten Links zu externen Seiten.<\/span><\/p>\n<p><span style=\"font-size: 8pt;\">Die Zusammenstellung der Informationen erfolgte mit der gebotenen Sorgfalt. Gleichwohl \u00fcbernehmen wir keinerlei Haftung, aus welchem Rechtsgrund auch immer, f\u00fcr die Richtigkeit, Aktualit\u00e4t und Vollst\u00e4ndigkeit der \u00fcbermittelten Informationen. Wir behalten uns das Recht vor, die auf dieser Website angebotenen Informationen, Produkte oder Dienstleistungen ohne gesonderte Ank\u00fcndigung jederzeit zu ver\u00e4ndern oder zu aktualisieren.<\/span><\/p>\n<p><span style=\"font-size: 8pt;\"><strong>Downloads<\/strong><\/span><br \/>\n<span style=\"font-size: 8pt;\">Der Download von Programmen aus dem Download-Bereich, sowie von anderen Seiten, erfolgt auf eigene Gefahr. Eine Haftung f\u00fcr Sch\u00e4den und Beeintr\u00e4chtigungen ist ausgeschlossen. Ein Anspruch auf Schadenersatz, sowie f\u00fcr Folgesch\u00e4den jeglicher Art, ist ausgeschlossen.<\/span><\/p>\n","protected":false},"excerpt":{"rendered":"<p>HAAS-Design GmbH Kornweg 33 9583 Faak am See Austria Anfahrt &#8211; Standort -Route berechnen (\u00fcber Google) Tel.: +43 (0)664 75031295 [Kosten lt. Telefonanbietervertrag des Anrufers] Fax: +43 (0) 4254 20593 &#8230;<\/p>\n","protected":false},"author":1,"featured_media":0,"parent":0,"menu_order":0,"comment_status":"closed","ping_status":"closed","template":"","meta":{"footnotes":""},"class_list":["post-1410","page","type-page","status-publish","hentry"],"_links":{"self":[{"href":"https:\/\/hoch-wasser-schutz.at\/de\/wp-json\/wp\/v2\/pages\/1410","targetHints":{"allow":["GET"]}}],"collection":[{"href":"https:\/\/hoch-wasser-schutz.at\/de\/wp-json\/wp\/v2\/pages"}],"about":[{"href":"https:\/\/hoch-wasser-schutz.at\/de\/wp-json\/wp\/v2\/types\/page"}],"author":[{"embeddable":true,"href":"https:\/\/hoch-wasser-schutz.at\/de\/wp-json\/wp\/v2\/users\/1"}],"replies":[{"embeddable":true,"href":"https:\/\/hoch-wasser-schutz.at\/de\/wp-json\/wp\/v2\/comments?post=1410"}],"version-history":[{"count":6,"href":"https:\/\/hoch-wasser-schutz.at\/de\/wp-json\/wp\/v2\/pages\/1410\/revisions"}],"predecessor-version":[{"id":1830,"href":"https:\/\/hoch-wasser-schutz.at\/de\/wp-json\/wp\/v2\/pages\/1410\/revisions\/1830"}],"wp:attachment":[{"href":"https:\/\/hoch-wasser-schutz.at\/de\/wp-json\/wp\/v2\/media?parent=1410"}],"curies":[{"name":"wp","href":"https:\/\/api.w.org\/{rel}","templated":true}]}}