{"id":1588,"date":"2021-01-23T08:23:58","date_gmt":"2021-01-23T07:23:58","guid":{"rendered":"https:\/\/hoch-wasser-schutz.at\/de\/?page_id=1588"},"modified":"2021-01-23T08:26:16","modified_gmt":"2021-01-23T07:26:16","slug":"klimawandel","status":"publish","type":"page","link":"https:\/\/hoch-wasser-schutz.at\/de\/klimawandel\/","title":{"rendered":"Klimawandel"},"content":{"rendered":"<p style=\"text-align: justify;\">Wir m\u00fcssen davon ausgehen, dass Starkregenereignisse in Zukunft zum allt\u00e4glichen Wettergeschehen dazu geh\u00f6ren!<\/p>\n<p style=\"text-align: justify;\">Diese Starkregenereignisse werden heftig \u2013 kurz und pr\u00e4gnant ausfallen und k\u00f6nnen\/werden dabei zu \u00dcberflutungen f\u00fchren!<\/p>\n<p style=\"text-align: justify;\">Damit WIRD und MUSS der vorbeugende Hochwasserschutz zu einer Selbstverst\u00e4ndlichkeit werden (wie vergleichbarerweise der vorbeugende Brandschutz)!<\/p>\n<p style=\"text-align: justify;\">Wie entstehen solche sintflutartigen Regenf\u00e4lle (Starkregenereignisse)?<\/p>\n<p style=\"text-align: justify;\">Sehr warme Luft der vergangenen Tage hat gro\u00dfe Mengen Wasser gespeichert. Wasser ist immer in der Luft enthalten, in Form von Wasserdampf. Dieser gelangt in die Atmosph\u00e4re, wenn durch Sonneneinstrahlung ein Teil des Wassers aus Ozeanen, Seen und Fl\u00fcssen verdunstet. Wenn die wasserges\u00e4ttigte Luft pl\u00f6tzlich abk\u00fchlt, ist ihre Speicherf\u00e4higkeit \u00fcberfordert. Es regnet.<br \/>\nWie stark, h\u00e4ngt davon ab, um wie viel Grad die Temperatur gesunken ist.<br \/>\nDie Folge: Quellbew\u00f6lkung und heftige Gewitter.<\/p>\n<h5 style=\"text-align: justify;\"><strong>Klimawandel und Unwetter<\/strong><\/h5>\n<p style=\"text-align: justify;\">Warum h\u00e4ufen sich derartige Wolkenbr\u00fcche?<\/p>\n<p><img loading=\"lazy\" decoding=\"async\" class=\"size-medium wp-image-1589 alignright\" src=\"https:\/\/hoch-wasser-schutz.at\/de\/wp-content\/uploads\/2021\/01\/Klimawandel-Htg-300x225.jpg\" alt=\"\" width=\"300\" height=\"225\" srcset=\"https:\/\/hoch-wasser-schutz.at\/de\/wp-content\/uploads\/2021\/01\/Klimawandel-Htg-300x225.jpg 300w, https:\/\/hoch-wasser-schutz.at\/de\/wp-content\/uploads\/2021\/01\/Klimawandel-Htg.jpg 503w\" sizes=\"auto, (max-width: 300px) 100vw, 300px\" \/><\/p>\n<p style=\"text-align: justify;\">Die globale Erw\u00e4rmung verst\u00e4rke die Intensit\u00e4t von Unwettern, sagt Mojib Latif vom Max-Planck-Institut f\u00fcr Meteorologie. Seit 100 Jahren erw\u00e4rmt sich die Erde vor allem als Folge des h<span style=\"text-align: justify;\">ohen Verbrauchs an fossilen Brennstoffen. Durch die Erw\u00e4rmung kann die Atmosph\u00e4re mehr Wasserdampf aufnehmen. Dadurch verst\u00e4rkt sich der Treibhauseffekt. &#8222;Und weil mehr Wasser in der Atmosph\u00e4re steckt, treten auch heftigere Niederschl\u00e4ge auf&#8220;, so Latif.<\/span><\/p>\n<p style=\"text-align: justify;\">Eine Zunahme extremer Wetterumschw\u00fcnge von gro\u00dfer Hitze zu heftigen Gewittern beobachtet auch der Deutsche Wetterdienst. Dessen Experte Hans-Joachim Heinemann erl\u00e4utert, die Monate Juni und Juli seien dieses Jahr um etwa ein bis zwei Grad w\u00e4rmer gewesen als im langj\u00e4hrigen Durchschnitt. So kommt es, dass in diesem Jahr an einem einzigen Gewittertag mit bis zu 70 Litern Niederschlag schon fast die gesamte mittlere Monatsmenge an Regen erreicht wird.<\/p>\n<p style=\"text-align: justify;\">Ist zu bef\u00fcrchten, dass solche Unwetter zur Regel werden?<\/p>\n<p style=\"text-align: justify;\">&#8222;Wir m\u00fcssen solche extremen Gewitter in Zukunft h\u00e4ufiger bef\u00fcrchten&#8220;, prophezeit Wetterdienst-Experte Heinemann.<br \/>\nFachmann Latif warnt: &#8222;Wenn wir weiterhin so viel Treibhausgase in die Atmosph\u00e4re entlassen, dann wird sich die Erde in den folgenden hundert Jahren um etwa weitere 3 Grad Celsius (im globalen Mittel) erw\u00e4rmen.<br \/>\nDie derzeitigen Wetter-Bedrohungen sind dann nur erste, geringe Anzeichen von dem, was noch kommen wird.&#8220;<\/p>\n<p style=\"text-align: justify;\">Wann ist mit dem n\u00e4chsten Wetter-Chaos zu rechnen?<\/p>\n<p style=\"text-align: justify;\">Wenn es sehr hei\u00df wird und sich ein neues Tief n\u00e4hert, dann kann eine neue Grenzfl\u00e4che zwischen einer Kalt- und Warmfront entstehen. Dann sind alle Voraussetzungen f\u00fcr einen neuen Wolkenbruch erf\u00fcllt.<\/p>\n<p style=\"text-align: justify;\">Bitte verstehen Sie uns nicht falsch!<br \/>\nWir wollen mit solchen Pressestimmen nicht &#8222;Schwarzmalen&#8220; &#8211; aber es ist definitiv Fact, dass mit vermehrten Unwettern und Starkregenereignissen dem Hochwasserschutz eine noch wichtigere Rolle als bisher zukommt!<br \/>\nWir k\u00f6nnen Starkregenereignisse, \u00dcberflutungen und Hochwasser nicht verhindern &#8211;<br \/>\n<strong>ABER wir helfen IHNEN sich zu sch\u00fctzen!<\/strong><\/p>\n","protected":false},"excerpt":{"rendered":"<p>Wir m\u00fcssen davon ausgehen, dass Starkregenereignisse in Zukunft zum allt\u00e4glichen Wettergeschehen dazu geh\u00f6ren! Diese Starkregenereignisse werden heftig \u2013 kurz und pr\u00e4gnant ausfallen und k\u00f6nnen\/werden dabei zu \u00dcberflutungen f\u00fchren! Damit WIRD &#8230;<\/p>\n","protected":false},"author":1,"featured_media":1589,"parent":0,"menu_order":0,"comment_status":"closed","ping_status":"closed","template":"","meta":{"footnotes":""},"class_list":["post-1588","page","type-page","status-publish","has-post-thumbnail","hentry"],"_links":{"self":[{"href":"https:\/\/hoch-wasser-schutz.at\/de\/wp-json\/wp\/v2\/pages\/1588","targetHints":{"allow":["GET"]}}],"collection":[{"href":"https:\/\/hoch-wasser-schutz.at\/de\/wp-json\/wp\/v2\/pages"}],"about":[{"href":"https:\/\/hoch-wasser-schutz.at\/de\/wp-json\/wp\/v2\/types\/page"}],"author":[{"embeddable":true,"href":"https:\/\/hoch-wasser-schutz.at\/de\/wp-json\/wp\/v2\/users\/1"}],"replies":[{"embeddable":true,"href":"https:\/\/hoch-wasser-schutz.at\/de\/wp-json\/wp\/v2\/comments?post=1588"}],"version-history":[{"count":4,"href":"https:\/\/hoch-wasser-schutz.at\/de\/wp-json\/wp\/v2\/pages\/1588\/revisions"}],"predecessor-version":[{"id":1595,"href":"https:\/\/hoch-wasser-schutz.at\/de\/wp-json\/wp\/v2\/pages\/1588\/revisions\/1595"}],"wp:featuredmedia":[{"embeddable":true,"href":"https:\/\/hoch-wasser-schutz.at\/de\/wp-json\/wp\/v2\/media\/1589"}],"wp:attachment":[{"href":"https:\/\/hoch-wasser-schutz.at\/de\/wp-json\/wp\/v2\/media?parent=1588"}],"curies":[{"name":"wp","href":"https:\/\/api.w.org\/{rel}","templated":true}]}}