{"id":1705,"date":"2021-02-28T11:27:11","date_gmt":"2021-02-28T10:27:11","guid":{"rendered":"https:\/\/hoch-wasser-schutz.at\/de\/?page_id=1705"},"modified":"2021-03-12T18:14:46","modified_gmt":"2021-03-12T17:14:46","slug":"vertikal-shoot","status":"publish","type":"page","link":"https:\/\/hoch-wasser-schutz.at\/de\/vertikal-shoot\/","title":{"rendered":"Vertikal Shott"},"content":{"rendered":"<p style=\"text-align: justify;\">Der zuverl\u00e4ssige Schutz f\u00fcr Tiefgarageneinfahrten, Anlieferbereiche und sonstige Zug\u00e4nge, die durch Hochwasser gef\u00e4hrdet sind. Dank innovativer Technik l\u00f6st dieses System automatisch aus, ohne dabei auf *Fremdenergie angewiesen zu sein.<\/p>\n<p style=\"text-align: justify;\"><strong>Funktionsweise:<\/strong><br \/>\nNormale Regenwassermengen flie\u00dfen \u00fcber die Einlaufrinne und den Gully ab. Bei Starkregenereignissen und Hochwasser steigen die Wassermengen im Vertikalschott an. Der ansteigende Wasserpegel l\u00f6st \u00fcber einen Schwimmermechanismus automatisch das Anheben der Schutzeinrichtung aus. Das Schott \u00f6ffnet kontrolliert mittels seitlich verbauter Gasdruckzylinder.<br \/>\nDie Schutzwand dr\u00fcckt gegen eine Dichtung und verschlie\u00dft das zu sch\u00fctzende Objekt hochwasserdicht. Nach dem Hochwasser wird das System einfach wieder in den Boden in die Ausgangsposition gedr\u00fcckt.<\/p>\n<p style=\"text-align: justify;\"><strong>Besonderheiten:<\/strong><\/p>\n<ul style=\"text-align: justify;\">\n<li>Es ist keine Fremdenergie wie *Strom, Hydraulik, Druckluft oder Federzug notwendig<\/li>\n<li>Langsames und kontrolliertes \u00d6ffnen der Schutzvorrichtung<\/li>\n<li>Das Vertikalschott ist mit PKW oder optional mit LKW befahrbar<\/li>\n<\/ul>\n<p style=\"text-align: justify;\"><strong>Technische Details:<\/strong><\/p>\n<ul style=\"text-align: justify;\">\n<li>Das Vertikalschott wird in eine bauseits zu erstellende Betonwanne mit integriertem Ablauf eingebaut.<\/li>\n<li>Alle beweglichen Teile sowie die seitlich gelagerten F\u00fchrungszentrierungen sind aus Edelstahl, das aufschwimmende Schott aus Aluminium.<\/li>\n<li>Die Gasdruckzylinder sind gebremst, f\u00fcr einen langsamen und kontrollierten Hub.<\/li>\n<li>Die Einlaufrinne hat eine Gussabdeckung f\u00fcr hohe Tragkraft (Radlast).<\/li>\n<li>Vor Aktivierung des Systems warnt eine Warnlampe und ein Signalton anwesende Personen.<\/li>\n<li>Einmal j\u00e4hrlich sollte eine Wartung, sowie Reinigung von einem Fachbetrieb durchgef\u00fchrt werden. Diese Vorg\u00e4nge m\u00fcssen au\u00dferdem nach jedem Hochwasser erfolgen.<\/li>\n<li>F\u00fcr Wartungs- und Reinigungsarbeiten kann Vertikalschott auch bei ungefluteter Wanne ausgel\u00f6st werden.<\/li>\n<\/ul>\n<p style=\"text-align: justify;\"><strong>Technische Details:<\/strong><\/p>\n<ul>\n<li style=\"text-align: justify;\">Geringe Einbaubreite von ca. 30 cm in der Leibung<\/li>\n<li style=\"text-align: justify;\">Einbautiefe entspricht Schutzh\u00f6he +18 cm<\/li>\n<li style=\"text-align: justify;\">Breiten bis ca. 500 cm m\u00f6glich (weitere Gr\u00f6\u00dfen auf Anfrage)<\/li>\n<li style=\"text-align: justify;\">Schutzh\u00f6hen von 30 &#8211; 80 cm realisierbar<\/li>\n<\/ul>\n<div id='gallery-1' class='gallery galleryid-1705 gallery-columns-3 gallery-size-full'><figure class='gallery-item'>\n\t\t\t<div class='gallery-icon landscape'>\n\t\t\t\t<a href='https:\/\/hoch-wasser-schutz.at\/de\/vertikal-shoot\/reitthaler-cht-vertikalschott-2-3\/'><img loading=\"lazy\" decoding=\"async\" width=\"1600\" height=\"1200\" src=\"https:\/\/hoch-wasser-schutz.at\/de\/wp-content\/uploads\/2021\/02\/Reitthaler-CHT-Vertikalschott-2-2.jpg\" class=\"attachment-full size-full\" alt=\"\" aria-describedby=\"gallery-1-1713\" srcset=\"https:\/\/hoch-wasser-schutz.at\/de\/wp-content\/uploads\/2021\/02\/Reitthaler-CHT-Vertikalschott-2-2.jpg 1600w, https:\/\/hoch-wasser-schutz.at\/de\/wp-content\/uploads\/2021\/02\/Reitthaler-CHT-Vertikalschott-2-2-300x225.jpg 300w, https:\/\/hoch-wasser-schutz.at\/de\/wp-content\/uploads\/2021\/02\/Reitthaler-CHT-Vertikalschott-2-2-1024x768.jpg 1024w, https:\/\/hoch-wasser-schutz.at\/de\/wp-content\/uploads\/2021\/02\/Reitthaler-CHT-Vertikalschott-2-2-768x576.jpg 768w, https:\/\/hoch-wasser-schutz.at\/de\/wp-content\/uploads\/2021\/02\/Reitthaler-CHT-Vertikalschott-2-2-1536x1152.jpg 1536w\" sizes=\"auto, (max-width: 1600px) 100vw, 1600px\" \/><\/a>\n\t\t\t<\/div>\n\t\t\t\t<figcaption class='wp-caption-text gallery-caption' id='gallery-1-1713'>\n\t\t\t\tVertikal Shott\n\t\t\t\t<\/figcaption><\/figure>\n\t\t<\/div>\n\n","protected":false},"excerpt":{"rendered":"<p>Der zuverl\u00e4ssige Schutz f\u00fcr Tiefgarageneinfahrten, Anlieferbereiche und sonstige Zug\u00e4nge, die durch Hochwasser gef\u00e4hrdet sind. Dank innovativer Technik l\u00f6st dieses System automatisch aus, ohne dabei auf *Fremdenergie angewiesen zu sein. Funktionsweise: &#8230;<\/p>\n","protected":false},"author":1,"featured_media":1664,"parent":0,"menu_order":0,"comment_status":"closed","ping_status":"closed","template":"","meta":{"footnotes":""},"class_list":["post-1705","page","type-page","status-publish","has-post-thumbnail","hentry"],"_links":{"self":[{"href":"https:\/\/hoch-wasser-schutz.at\/de\/wp-json\/wp\/v2\/pages\/1705","targetHints":{"allow":["GET"]}}],"collection":[{"href":"https:\/\/hoch-wasser-schutz.at\/de\/wp-json\/wp\/v2\/pages"}],"about":[{"href":"https:\/\/hoch-wasser-schutz.at\/de\/wp-json\/wp\/v2\/types\/page"}],"author":[{"embeddable":true,"href":"https:\/\/hoch-wasser-schutz.at\/de\/wp-json\/wp\/v2\/users\/1"}],"replies":[{"embeddable":true,"href":"https:\/\/hoch-wasser-schutz.at\/de\/wp-json\/wp\/v2\/comments?post=1705"}],"version-history":[{"count":5,"href":"https:\/\/hoch-wasser-schutz.at\/de\/wp-json\/wp\/v2\/pages\/1705\/revisions"}],"predecessor-version":[{"id":1714,"href":"https:\/\/hoch-wasser-schutz.at\/de\/wp-json\/wp\/v2\/pages\/1705\/revisions\/1714"}],"wp:featuredmedia":[{"embeddable":true,"href":"https:\/\/hoch-wasser-schutz.at\/de\/wp-json\/wp\/v2\/media\/1664"}],"wp:attachment":[{"href":"https:\/\/hoch-wasser-schutz.at\/de\/wp-json\/wp\/v2\/media?parent=1705"}],"curies":[{"name":"wp","href":"https:\/\/api.w.org\/{rel}","templated":true}]}}