{"id":23,"date":"2016-02-12T08:12:49","date_gmt":"2016-02-12T08:12:49","guid":{"rendered":"http:\/\/demos.famethemes.com\/onepress-plus\/?page_id=23"},"modified":"2021-02-28T09:14:38","modified_gmt":"2021-02-28T08:14:38","slug":"magnetschutzloesungen","status":"publish","type":"page","link":"https:\/\/hoch-wasser-schutz.at\/de\/magnetschutzloesungen\/","title":{"rendered":"WHS Magnetschutzl\u00f6sungen"},"content":{"rendered":"<h3><strong>Die perfekte L\u00f6sung f\u00fcr wirkungsvollen Hochwasserschutz<\/strong><br \/>\nMit der HAAS \u2013 Hoch-Wasser-Schutztechnik sichern Sie schnell und effektiv<\/h3>\n<ul>\n<li>T\u00fcren\/Kellert\u00fcren<\/li>\n<li>Fenster\/Kellerfenster<\/li>\n<li>Eingangst\u00fcren<\/li>\n<li>Garagentore<\/li>\n<li>Tiefgarageneinfahrten<\/li>\n<li>Tankraumsicherungen<\/li>\n<li>Sonderl\u00f6sungen<\/li>\n<\/ul>\n<p>Die speziell aufeinander abgestimmten Materialien erm\u00f6glichen eine einfache Handhabung und gew\u00e4hrleisten einen dauerhaft, sicheren Einsatz.<\/p>\n<p>Die bauseitige Montage ist schnell durchzuf\u00fchren und wird vom HAAS Hoch-Wasser-Schutz Fachteam vor Ort an Ihre statischen Gegebenheiten angepasst.<\/p>\n<h3 style=\"text-align: center;\">Wir beraten Sie gerne. Unsere Erfahrung ist Ihr zuverl\u00e4ssiger Schutz!<\/h3>\n<p>&nbsp;<\/p>\n<div id='gallery-1' class='gallery galleryid-23 gallery-columns-3 gallery-size-thumbnail'><figure class='gallery-item'>\n\t\t\t<div class='gallery-icon portrait'>\n\t\t\t\t<a href='https:\/\/hoch-wasser-schutz.at\/de\/magnetschutzloesungen\/20180731_120613_resized-3\/'><img loading=\"lazy\" decoding=\"async\" width=\"150\" height=\"150\" src=\"https:\/\/hoch-wasser-schutz.at\/de\/wp-content\/uploads\/2021\/02\/20180731_120613_resized-1-150x150.jpg\" class=\"attachment-thumbnail size-thumbnail\" alt=\"\" aria-describedby=\"gallery-1-1674\" \/><\/a>\n\t\t\t<\/div>\n\t\t\t\t<figcaption class='wp-caption-text gallery-caption' id='gallery-1-1674'>\n\t\t\t\tWHS-Magnetschutzl\u00f6sung\n\t\t\t\t<\/figcaption><\/figure><figure class='gallery-item'>\n\t\t\t<div class='gallery-icon landscape'>\n\t\t\t\t<a href='https:\/\/hoch-wasser-schutz.at\/de\/magnetschutzloesungen\/phoca_thumb_l_einfahrtstor-privathaus-1\/'><img loading=\"lazy\" decoding=\"async\" width=\"150\" height=\"150\" src=\"https:\/\/hoch-wasser-schutz.at\/de\/wp-content\/uploads\/2021\/02\/phoca_thumb_l_Einfahrtstor-Privathaus-1-150x150.jpg\" class=\"attachment-thumbnail size-thumbnail\" alt=\"\" aria-describedby=\"gallery-1-1687\" \/><\/a>\n\t\t\t<\/div>\n\t\t\t\t<figcaption class='wp-caption-text gallery-caption' id='gallery-1-1687'>\n\t\t\t\tWHS-Magnetschutzl\u00f6sung\n\t\t\t\t<\/figcaption><\/figure><figure class='gallery-item'>\n\t\t\t<div class='gallery-icon landscape'>\n\t\t\t\t<a href='https:\/\/hoch-wasser-schutz.at\/de\/magnetschutzloesungen\/whs-muerzsteg-5-2\/'><img loading=\"lazy\" decoding=\"async\" width=\"150\" height=\"150\" src=\"https:\/\/hoch-wasser-schutz.at\/de\/wp-content\/uploads\/2021\/02\/WHS-Muerzsteg-5-150x150.jpg\" class=\"attachment-thumbnail size-thumbnail\" alt=\"\" aria-describedby=\"gallery-1-1689\" \/><\/a>\n\t\t\t<\/div>\n\t\t\t\t<figcaption class='wp-caption-text gallery-caption' id='gallery-1-1689'>\n\t\t\t\tWHS-Magnetschutzl\u00f6sung\n\t\t\t\t<\/figcaption><\/figure><figure class='gallery-item'>\n\t\t\t<div class='gallery-icon portrait'>\n\t\t\t\t<a href='https:\/\/hoch-wasser-schutz.at\/de\/magnetschutzloesungen\/2a-2\/'><img loading=\"lazy\" decoding=\"async\" width=\"150\" height=\"150\" src=\"https:\/\/hoch-wasser-schutz.at\/de\/wp-content\/uploads\/2021\/02\/2a-1-150x150.jpg\" class=\"attachment-thumbnail size-thumbnail\" alt=\"\" aria-describedby=\"gallery-1-1673\" \/><\/a>\n\t\t\t<\/div>\n\t\t\t\t<figcaption class='wp-caption-text gallery-caption' id='gallery-1-1673'>\n\t\t\t\tWHS-Magnetschutzl\u00f6sung\n\t\t\t\t<\/figcaption><\/figure><figure class='gallery-item'>\n\t\t\t<div class='gallery-icon portrait'>\n\t\t\t\t<a href='https:\/\/hoch-wasser-schutz.at\/de\/magnetschutzloesungen\/20180731_120622_resized-2\/'><img loading=\"lazy\" decoding=\"async\" width=\"150\" height=\"150\" src=\"https:\/\/hoch-wasser-schutz.at\/de\/wp-content\/uploads\/2021\/02\/20180731_120622_resized-1-150x150.jpg\" class=\"attachment-thumbnail size-thumbnail\" alt=\"\" aria-describedby=\"gallery-1-1675\" \/><\/a>\n\t\t\t<\/div>\n\t\t\t\t<figcaption class='wp-caption-text gallery-caption' id='gallery-1-1675'>\n\t\t\t\tWHS-Magnetschutzl\u00f6sung\n\t\t\t\t<\/figcaption><\/figure><figure class='gallery-item'>\n\t\t\t<div class='gallery-icon landscape'>\n\t\t\t\t<a href='https:\/\/hoch-wasser-schutz.at\/de\/magnetschutzloesungen\/20180731_120635_resized\/'><img loading=\"lazy\" decoding=\"async\" width=\"150\" height=\"150\" src=\"https:\/\/hoch-wasser-schutz.at\/de\/wp-content\/uploads\/2021\/02\/20180731_120635_resized-150x150.jpg\" class=\"attachment-thumbnail size-thumbnail\" alt=\"\" aria-describedby=\"gallery-1-1676\" \/><\/a>\n\t\t\t<\/div>\n\t\t\t\t<figcaption class='wp-caption-text gallery-caption' id='gallery-1-1676'>\n\t\t\t\tWHS-Magnetschutzl\u00f6sung\n\t\t\t\t<\/figcaption><\/figure><figure class='gallery-item'>\n\t\t\t<div class='gallery-icon landscape'>\n\t\t\t\t<a href='https:\/\/hoch-wasser-schutz.at\/de\/magnetschutzloesungen\/20180731_120734_resized-2\/'><img loading=\"lazy\" decoding=\"async\" width=\"150\" height=\"150\" src=\"https:\/\/hoch-wasser-schutz.at\/de\/wp-content\/uploads\/2021\/02\/20180731_120734_resized-1-150x150.jpg\" class=\"attachment-thumbnail size-thumbnail\" alt=\"\" aria-describedby=\"gallery-1-1677\" \/><\/a>\n\t\t\t<\/div>\n\t\t\t\t<figcaption class='wp-caption-text gallery-caption' id='gallery-1-1677'>\n\t\t\t\tWHS-Magnetschutzl\u00f6sung\n\t\t\t\t<\/figcaption><\/figure><figure class='gallery-item'>\n\t\t\t<div class='gallery-icon landscape'>\n\t\t\t\t<a href='https:\/\/hoch-wasser-schutz.at\/de\/magnetschutzloesungen\/20180731_120844_resized-2\/'><img loading=\"lazy\" decoding=\"async\" width=\"150\" height=\"150\" src=\"https:\/\/hoch-wasser-schutz.at\/de\/wp-content\/uploads\/2021\/02\/20180731_120844_resized-1-150x150.jpg\" class=\"attachment-thumbnail size-thumbnail\" alt=\"\" aria-describedby=\"gallery-1-1678\" \/><\/a>\n\t\t\t<\/div>\n\t\t\t\t<figcaption class='wp-caption-text gallery-caption' id='gallery-1-1678'>\n\t\t\t\tWHS-Magnetschutzl\u00f6sung\n\t\t\t\t<\/figcaption><\/figure><figure class='gallery-item'>\n\t\t\t<div class='gallery-icon portrait'>\n\t\t\t\t<a href='https:\/\/hoch-wasser-schutz.at\/de\/magnetschutzloesungen\/img_0083\/'><img loading=\"lazy\" decoding=\"async\" width=\"150\" height=\"150\" src=\"https:\/\/hoch-wasser-schutz.at\/de\/wp-content\/uploads\/2021\/02\/IMG_0083-150x150.jpg\" class=\"attachment-thumbnail size-thumbnail\" alt=\"\" aria-describedby=\"gallery-1-1680\" \/><\/a>\n\t\t\t<\/div>\n\t\t\t\t<figcaption class='wp-caption-text gallery-caption' id='gallery-1-1680'>\n\t\t\t\tWHS-Magnetschutzl\u00f6sung\n\t\t\t\t<\/figcaption><\/figure><figure class='gallery-item'>\n\t\t\t<div class='gallery-icon portrait'>\n\t\t\t\t<a href='https:\/\/hoch-wasser-schutz.at\/de\/magnetschutzloesungen\/img_20141126_135251\/'><img loading=\"lazy\" decoding=\"async\" width=\"150\" height=\"150\" src=\"https:\/\/hoch-wasser-schutz.at\/de\/wp-content\/uploads\/2021\/02\/IMG_20141126_135251-150x150.jpg\" class=\"attachment-thumbnail size-thumbnail\" alt=\"\" aria-describedby=\"gallery-1-1681\" \/><\/a>\n\t\t\t<\/div>\n\t\t\t\t<figcaption class='wp-caption-text gallery-caption' id='gallery-1-1681'>\n\t\t\t\tWHS-Magnetschutzl\u00f6sung\n\t\t\t\t<\/figcaption><\/figure><figure class='gallery-item'>\n\t\t\t<div class='gallery-icon portrait'>\n\t\t\t\t<a href='https:\/\/hoch-wasser-schutz.at\/de\/magnetschutzloesungen\/img_20141126_135257\/'><img loading=\"lazy\" decoding=\"async\" width=\"150\" height=\"150\" src=\"https:\/\/hoch-wasser-schutz.at\/de\/wp-content\/uploads\/2021\/02\/IMG_20141126_135257-150x150.jpg\" class=\"attachment-thumbnail size-thumbnail\" alt=\"\" aria-describedby=\"gallery-1-1682\" \/><\/a>\n\t\t\t<\/div>\n\t\t\t\t<figcaption class='wp-caption-text gallery-caption' id='gallery-1-1682'>\n\t\t\t\tWHS-Magnetschutzl\u00f6sung\n\t\t\t\t<\/figcaption><\/figure><figure class='gallery-item'>\n\t\t\t<div class='gallery-icon landscape'>\n\t\t\t\t<a href='https:\/\/hoch-wasser-schutz.at\/de\/magnetschutzloesungen\/img-20200618-wa0003\/'><img loading=\"lazy\" decoding=\"async\" width=\"150\" height=\"150\" src=\"https:\/\/hoch-wasser-schutz.at\/de\/wp-content\/uploads\/2021\/02\/IMG-20200618-WA0003-150x150.jpg\" class=\"attachment-thumbnail size-thumbnail\" alt=\"\" aria-describedby=\"gallery-1-1685\" \/><\/a>\n\t\t\t<\/div>\n\t\t\t\t<figcaption class='wp-caption-text gallery-caption' id='gallery-1-1685'>\n\t\t\t\tWHS-Magnetschutzl\u00f6sung\n\t\t\t\t<\/figcaption><\/figure><figure class='gallery-item'>\n\t\t\t<div class='gallery-icon landscape'>\n\t\t\t\t<a href='https:\/\/hoch-wasser-schutz.at\/de\/magnetschutzloesungen\/img-20201009-wa0001-2\/'><img loading=\"lazy\" decoding=\"async\" width=\"150\" height=\"150\" src=\"https:\/\/hoch-wasser-schutz.at\/de\/wp-content\/uploads\/2021\/02\/IMG-20201009-WA0001-1-150x150.jpg\" class=\"attachment-thumbnail size-thumbnail\" alt=\"\" aria-describedby=\"gallery-1-1686\" \/><\/a>\n\t\t\t<\/div>\n\t\t\t\t<figcaption class='wp-caption-text gallery-caption' id='gallery-1-1686'>\n\t\t\t\tWHS-Magnetschutzl\u00f6sung\n\t\t\t\t<\/figcaption><\/figure><figure class='gallery-item'>\n\t\t\t<div class='gallery-icon landscape'>\n\t\t\t\t<a href='https:\/\/hoch-wasser-schutz.at\/de\/magnetschutzloesungen\/whs-muerzsteg-3\/'><img loading=\"lazy\" decoding=\"async\" width=\"150\" height=\"150\" src=\"https:\/\/hoch-wasser-schutz.at\/de\/wp-content\/uploads\/2021\/02\/WHS-Muerzsteg-3-150x150.jpg\" class=\"attachment-thumbnail size-thumbnail\" alt=\"\" aria-describedby=\"gallery-1-1688\" \/><\/a>\n\t\t\t<\/div>\n\t\t\t\t<figcaption class='wp-caption-text gallery-caption' id='gallery-1-1688'>\n\t\t\t\tWHS-Magnetschutzl\u00f6sung\n\t\t\t\t<\/figcaption><\/figure><figure class='gallery-item'>\n\t\t\t<div class='gallery-icon portrait'>\n\t\t\t\t<a href='https:\/\/hoch-wasser-schutz.at\/de\/magnetschutzloesungen\/bild011\/'><img loading=\"lazy\" decoding=\"async\" width=\"150\" height=\"150\" src=\"https:\/\/hoch-wasser-schutz.at\/de\/wp-content\/uploads\/2021\/02\/Bild011-150x150.jpg\" class=\"attachment-thumbnail size-thumbnail\" alt=\"\" aria-describedby=\"gallery-1-1679\" \/><\/a>\n\t\t\t<\/div>\n\t\t\t\t<figcaption class='wp-caption-text gallery-caption' id='gallery-1-1679'>\n\t\t\t\tWHS-Magnetschutzl\u00f6sung\n\t\t\t\t<\/figcaption><\/figure><figure class='gallery-item'>\n\t\t\t<div class='gallery-icon landscape'>\n\t\t\t\t<a href='https:\/\/hoch-wasser-schutz.at\/de\/magnetschutzloesungen\/whs-muerzsteg-7\/'><img loading=\"lazy\" decoding=\"async\" width=\"150\" height=\"150\" src=\"https:\/\/hoch-wasser-schutz.at\/de\/wp-content\/uploads\/2021\/02\/WHS-Muerzsteg-7-150x150.jpg\" class=\"attachment-thumbnail size-thumbnail\" alt=\"\" \/><\/a>\n\t\t\t<\/div><\/figure><figure class='gallery-item'>\n\t\t\t<div class='gallery-icon landscape'>\n\t\t\t\t<a href='https:\/\/hoch-wasser-schutz.at\/de\/magnetschutzloesungen\/img-20200302-wa0013\/'><img loading=\"lazy\" decoding=\"async\" width=\"150\" height=\"150\" src=\"https:\/\/hoch-wasser-schutz.at\/de\/wp-content\/uploads\/2021\/02\/IMG-20200302-WA0013-150x150.jpg\" class=\"attachment-thumbnail size-thumbnail\" alt=\"\" aria-describedby=\"gallery-1-1683\" \/><\/a>\n\t\t\t<\/div>\n\t\t\t\t<figcaption class='wp-caption-text gallery-caption' id='gallery-1-1683'>\n\t\t\t\tWHS-Magnetschutzl\u00f6sung\n\t\t\t\t<\/figcaption><\/figure>\n\t\t<\/div>\n\n","protected":false},"excerpt":{"rendered":"<p>Die perfekte L\u00f6sung f\u00fcr wirkungsvollen Hochwasserschutz Mit der HAAS \u2013 Hoch-Wasser-Schutztechnik sichern Sie schnell und effektiv T\u00fcren\/Kellert\u00fcren Fenster\/Kellerfenster Eingangst\u00fcren Garagentore Tiefgarageneinfahrten Tankraumsicherungen Sonderl\u00f6sungen Die speziell aufeinander abgestimmten Materialien erm\u00f6glichen eine &#8230;<\/p>\n","protected":false},"author":1,"featured_media":1493,"parent":0,"menu_order":0,"comment_status":"closed","ping_status":"closed","template":"template-fullwidth.php","meta":{"footnotes":""},"class_list":["post-23","page","type-page","status-publish","has-post-thumbnail","hentry"],"_links":{"self":[{"href":"https:\/\/hoch-wasser-schutz.at\/de\/wp-json\/wp\/v2\/pages\/23","targetHints":{"allow":["GET"]}}],"collection":[{"href":"https:\/\/hoch-wasser-schutz.at\/de\/wp-json\/wp\/v2\/pages"}],"about":[{"href":"https:\/\/hoch-wasser-schutz.at\/de\/wp-json\/wp\/v2\/types\/page"}],"author":[{"embeddable":true,"href":"https:\/\/hoch-wasser-schutz.at\/de\/wp-json\/wp\/v2\/users\/1"}],"replies":[{"embeddable":true,"href":"https:\/\/hoch-wasser-schutz.at\/de\/wp-json\/wp\/v2\/comments?post=23"}],"version-history":[{"count":9,"href":"https:\/\/hoch-wasser-schutz.at\/de\/wp-json\/wp\/v2\/pages\/23\/revisions"}],"predecessor-version":[{"id":1691,"href":"https:\/\/hoch-wasser-schutz.at\/de\/wp-json\/wp\/v2\/pages\/23\/revisions\/1691"}],"wp:featuredmedia":[{"embeddable":true,"href":"https:\/\/hoch-wasser-schutz.at\/de\/wp-json\/wp\/v2\/media\/1493"}],"wp:attachment":[{"href":"https:\/\/hoch-wasser-schutz.at\/de\/wp-json\/wp\/v2\/media?parent=23"}],"curies":[{"name":"wp","href":"https:\/\/api.w.org\/{rel}","templated":true}]}}